{"id":1226,"date":"2023-09-14T17:02:09","date_gmt":"2023-09-14T15:02:09","guid":{"rendered":"https:\/\/www.aivancity.ai\/blog\/?page_id=1226"},"modified":"2023-09-15T16:55:21","modified_gmt":"2023-09-15T14:55:21","slug":"nos-articles","status":"publish","type":"page","link":"https:\/\/aivancity.ai\/blog\/nos-articles\/","title":{"rendered":"Nos Articles"},"content":{"rendered":"<div class=\"shortcode-block\"><div class=\"inhype-postsgrid3-block-wrapper inhype-postsgrid3-block-wrapper-11262 inhype-block\"><div class=\"container container-content\"><div class=\"row\"><div class=\"col-md-4\"><div class=\"inhype-overlay-post inhype-overlay-short-post inhype-post inhype-post-invert format-standard\" data-aos=\"fade-up\"><div class=\"inhype-post-wrapper-inner\"><div class=\"inhype-post-image\" data-style=\"background-image: url(https:\/\/aivancity.ai\/blog\/wp-content\/uploads\/2026\/03\/1-7-1024x694.png);\"><\/div>\n<div class=\"inhype-post-details\">\n<div class=\"inhype-post-details-inner\">\n<div class=\"post-categories\"><a href=\"https:\/\/aivancity.ai\/blog\/category\/ia-agentique\/\"><span class=\"cat-dot\"><\/span><span class=\"cat-title\">IA Agentique<\/span><\/a><\/div><h3 class=\"post-title entry-title\"><a href=\"https:\/\/aivancity.ai\/blog\/avec-personal-computer-perplexity-veut-transformer-votre-mac-en-agent-ia-permanent\/\">Avec Personal Computer, Perplexity veut transformer votre Mac en agent IA permanent<\/a><\/h3><div class=\"post-date\"><time class=\"entry-date published updated\" datetime=\"2026-03-30T09:38:37+02:00\">30 mars 2026<\/time><\/div>\n<\/div><\/div><\/div><\/div><\/div><div class=\"col-md-4\"><div class=\"inhype-overlay-post inhype-overlay-short-post inhype-post inhype-post-invert format-standard\" data-aos=\"fade-up\"><div class=\"inhype-post-wrapper-inner\"><div class=\"inhype-post-image\" data-style=\"background-image: url(https:\/\/aivancity.ai\/blog\/wp-content\/uploads\/2026\/03\/1-6-1024x694.png);\"><\/div>\n<div class=\"inhype-post-details\">\n<div class=\"inhype-post-details-inner\">\n<div class=\"post-categories\"><a href=\"https:\/\/aivancity.ai\/blog\/category\/ia-agentique\/\"><span class=\"cat-dot\"><\/span><span class=\"cat-title\">IA Agentique<\/span><\/a><\/div><h3 class=\"post-title entry-title\"><a href=\"https:\/\/aivancity.ai\/blog\/musk-devoile-macrohard-un-projet-dia-commun-entre-tesla-et-xai-pour-transformer-le-logiciel\/\">Musk d\u00e9voile \u201cMacrohard\u201d, un projet d\u2019IA commun entre Tesla et xAI pour transformer le logiciel<\/a><\/h3><div class=\"post-date\"><time class=\"entry-date published updated\" datetime=\"2026-03-27T10:14:45+01:00\">27 mars 2026<\/time><\/div>\n<\/div><\/div><\/div><\/div><\/div><div class=\"col-md-4\"><div class=\"inhype-overlay-post inhype-overlay-short-post inhype-post inhype-post-invert format-standard\" data-aos=\"fade-up\"><div class=\"inhype-post-wrapper-inner\"><div class=\"inhype-post-image\" data-style=\"background-image: url(https:\/\/aivancity.ai\/blog\/wp-content\/uploads\/2026\/03\/2-4-1140x694.png);\"><\/div>\n<div class=\"inhype-post-details\">\n<div class=\"inhype-post-details-inner\">\n<div class=\"post-categories\"><a href=\"https:\/\/aivancity.ai\/blog\/category\/outils-ia\/\"><span class=\"cat-dot\" data-style=\"background-color: #dd9933;\"><\/span><span class=\"cat-title\">Outils IA<\/span><\/a><\/div><h3 class=\"post-title entry-title\"><a href=\"https:\/\/aivancity.ai\/blog\/redaction-notre-selection-des-meilleurs-outils-ia-generatives-de-2026\/\">R\u00e9daction : notre s\u00e9lection des meilleurs outils IA g\u00e9n\u00e9ratives de 2026<\/a><\/h3><div class=\"post-date\"><time class=\"entry-date published updated\" datetime=\"2026-03-26T12:33:19+01:00\">26 mars 2026<\/time><\/div>\n<\/div><\/div><\/div><\/div><\/div><div class=\"col-md-4\"><div class=\"inhype-overlay-post inhype-overlay-short-post inhype-post inhype-post-invert format-standard\" data-aos=\"fade-up\"><div class=\"inhype-post-wrapper-inner\"><div class=\"inhype-post-image\" data-style=\"background-image: url(https:\/\/aivancity.ai\/blog\/wp-content\/uploads\/2026\/03\/aivancity_httpss.mj_.runGwNVrBWAPWQ_in_the_background_through__575e3a52-e8a0-4bb4-bbda-0d20b2505c41_0-1140x694.png);\"><\/div>\n<div class=\"inhype-post-details\">\n<div class=\"inhype-post-details-inner\">\n<div class=\"post-categories\"><a href=\"https:\/\/aivancity.ai\/blog\/category\/articles\/\"><span class=\"cat-dot\" data-style=\"background-color: #e91e63;\"><\/span><span class=\"cat-title\">Articles<\/span><\/a><\/div><h3 class=\"post-title entry-title\"><a href=\"https:\/\/aivancity.ai\/blog\/guerre-a-lere-de-liaquand-les-algorithmes-entrent-sur-le-champ-de-bataille\/\">Guerre \u00e0 l\u2019\u00e8re de l\u2019IA<br><h3>Quand les algorithmes entrent sur le champ de bataille<\/h3><\/a><\/h3><div class=\"post-date\"><time class=\"entry-date published updated\" datetime=\"2026-03-25T15:15:59+01:00\">25 mars 2026<\/time><\/div>\n<\/div><\/div><\/div><\/div><\/div><div class=\"col-md-4\"><div class=\"inhype-overlay-post inhype-overlay-short-post inhype-post inhype-post-invert format-standard\" data-aos=\"fade-up\"><div class=\"inhype-post-wrapper-inner\"><div class=\"inhype-post-image\" data-style=\"background-image: url(https:\/\/aivancity.ai\/blog\/wp-content\/uploads\/2026\/03\/Article2-6-1024x694.png);\"><\/div>\n<div class=\"inhype-post-details\">\n<div class=\"inhype-post-details-inner\">\n<div class=\"post-categories\"><a href=\"https:\/\/aivancity.ai\/blog\/category\/sante\/\"><span class=\"cat-dot\" data-style=\"background-color: #f4eee5;\"><\/span><span class=\"cat-title\">IA &amp; sant\u00e9<\/span><\/a><\/div><h3 class=\"post-title entry-title\"><a href=\"https:\/\/aivancity.ai\/blog\/lintelligence-artificielle-ameliore-la-detection-du-cancer-de-plus-de-10-revele-une-etude-pionniere\/\">L\u2019intelligence artificielle am\u00e9liore la d\u00e9tection du cancer de plus de 10 %, r\u00e9v\u00e8le une \u00e9tude pionni\u00e8re<\/a><\/h3><div class=\"post-date\"><time class=\"entry-date published updated\" datetime=\"2026-03-25T12:53:24+01:00\">25 mars 2026<\/time><\/div>\n<\/div><\/div><\/div><\/div><\/div><div class=\"col-md-4\"><div class=\"inhype-overlay-post inhype-overlay-short-post inhype-post inhype-post-invert format-standard\" data-aos=\"fade-up\"><div class=\"inhype-post-wrapper-inner\"><div class=\"inhype-post-image\" data-style=\"background-image: url(https:\/\/aivancity.ai\/blog\/wp-content\/uploads\/2026\/03\/1-5-1024x694.png);\"><\/div>\n<div class=\"inhype-post-details\">\n<div class=\"inhype-post-details-inner\">\n<div class=\"post-categories\"><a href=\"https:\/\/aivancity.ai\/blog\/category\/etudes\/\"><span class=\"cat-dot\" data-style=\"background-color: #009688;\"><\/span><span class=\"cat-title\">Etudes IA<\/span><\/a><\/div><h3 class=\"post-title entry-title\"><a href=\"https:\/\/aivancity.ai\/blog\/etude-les-dirigeants-commencent-a-deleguer-une-partie-de-leur-reflexion-a-lia\/\">\u00c9tude : les dirigeants commencent \u00e0 d\u00e9l\u00e9guer une partie de leur r\u00e9flexion \u00e0 l\u2019IA<\/a><\/h3><div class=\"post-date\"><time class=\"entry-date published updated\" datetime=\"2026-03-24T11:03:13+01:00\">24 mars 2026<\/time><\/div>\n<\/div><\/div><\/div><\/div><\/div><div class=\"col-md-4\"><div class=\"inhype-overlay-post inhype-overlay-short-post inhype-post inhype-post-invert format-standard\" data-aos=\"fade-up\"><div class=\"inhype-post-wrapper-inner\"><div class=\"inhype-post-image\" data-style=\"background-image: url(https:\/\/aivancity.ai\/blog\/wp-content\/uploads\/2026\/03\/1-4-1024x694.png);\"><\/div>\n<div class=\"inhype-post-details\">\n<div class=\"inhype-post-details-inner\">\n<div class=\"post-categories\"><a href=\"https:\/\/aivancity.ai\/blog\/category\/ia-generatives\/\"><span class=\"cat-dot\" data-style=\"background-color: #000000;\"><\/span><span class=\"cat-title\">IA G\u00e9n\u00e9ratives<\/span><\/a><\/div><h3 class=\"post-title entry-title\"><a href=\"https:\/\/aivancity.ai\/blog\/openai-devoile-gpt-5-4-un-modele-concu-pour-le-raisonnement-complexe-et-le-code\/\">OpenAI d\u00e9voile GPT-5.4, un mod\u00e8le con\u00e7u pour le raisonnement complexe et le code<\/a><\/h3><div class=\"post-date\"><time class=\"entry-date published updated\" datetime=\"2026-03-23T12:25:38+01:00\">23 mars 2026<\/time><\/div>\n<\/div><\/div><\/div><\/div><\/div><div class=\"col-md-4\"><div class=\"inhype-overlay-post inhype-overlay-short-post inhype-post inhype-post-invert format-standard\" data-aos=\"fade-up\"><div class=\"inhype-post-wrapper-inner\"><div class=\"inhype-post-image\" data-style=\"background-image: url(https:\/\/aivancity.ai\/blog\/wp-content\/uploads\/2026\/03\/1-3-1024x694.png);\"><\/div>\n<div class=\"inhype-post-details\">\n<div class=\"inhype-post-details-inner\">\n<div class=\"post-categories\"><a href=\"https:\/\/aivancity.ai\/blog\/category\/avancees-technologiques-en-ia\/\"><span class=\"cat-dot\"><\/span><span class=\"cat-title\">Avanc\u00e9es technologiques en IA<\/span><\/a><\/div><h3 class=\"post-title entry-title\"><a href=\"https:\/\/aivancity.ai\/blog\/claude-code-voice-anthropic-permet-enfin-de-piloter-son-code-a-la-voix\/\">Claude Code Voice : Anthropic permet enfin de piloter son code \u00e0 la voix<\/a><\/h3><div class=\"post-date\"><time class=\"entry-date published updated\" datetime=\"2026-03-21T11:12:10+01:00\">21 mars 2026<\/time><\/div>\n<\/div><\/div><\/div><\/div><\/div><div class=\"col-md-4\"><div class=\"inhype-overlay-post inhype-overlay-short-post inhype-post inhype-post-invert format-standard\" data-aos=\"fade-up\"><div class=\"inhype-post-wrapper-inner\"><div class=\"inhype-post-image\" data-style=\"background-image: url(https:\/\/aivancity.ai\/blog\/wp-content\/uploads\/2026\/03\/4-1-1024x694.png);\"><\/div>\n<div class=\"inhype-post-details\">\n<div class=\"inhype-post-details-inner\">\n<div class=\"post-categories\"><a href=\"https:\/\/aivancity.ai\/blog\/category\/ia-metiers\/\"><span class=\"cat-dot\"><\/span><span class=\"cat-title\">IA &amp; m\u00e9tiers<\/span><\/a><\/div><h3 class=\"post-title entry-title\"><a href=\"https:\/\/aivancity.ai\/blog\/quand-lintelligence-artificielle-devient-moteur-de-decision-le-data-scientist-a-lere-des-modeles-generatifs\/\">Quand l\u2019intelligence artificielle devient moteur de d\u00e9cision : le <u>data scientist<\/u> \u00e0 l\u2019\u00e8re des mod\u00e8les g\u00e9n\u00e9ratifs<\/a><\/h3><div class=\"post-date\"><time class=\"entry-date published updated\" datetime=\"2026-03-18T23:24:58+01:00\">18 mars 2026<\/time><\/div>\n<\/div><\/div><\/div><\/div><\/div><div class=\"col-md-4\"><div class=\"inhype-overlay-post inhype-overlay-short-post inhype-post inhype-post-invert format-standard\" data-aos=\"fade-up\"><div class=\"inhype-post-wrapper-inner\"><div class=\"inhype-post-image\" data-style=\"background-image: url(https:\/\/aivancity.ai\/blog\/wp-content\/uploads\/2026\/03\/aivancity_Realistic_photograph_of_several_professionals_from__6c433d06-df66-49b1-ba59-a10b519fdc75_1-1024x694.png);\"><\/div>\n<div class=\"inhype-post-details\">\n<div class=\"inhype-post-details-inner\">\n<div class=\"post-categories\"><a href=\"https:\/\/aivancity.ai\/blog\/category\/futur-de-lia-tendances-et-predictions\/\"><span class=\"cat-dot\"><\/span><span class=\"cat-title\">Futur de l\u2019IA : tendances et pr\u00e9dictions<\/span><\/a><\/div><h3 class=\"post-title entry-title\"><a href=\"https:\/\/aivancity.ai\/blog\/limpact-de-lia-sur-lemploi-decrypter-les-chiffres-et-les-tendances\/\">L\u2019impact de l\u2019IA sur l\u2019emploi : d\u00e9crypter les chiffres et les tendances<\/a><\/h3><div class=\"post-date\"><time class=\"entry-date published updated\" datetime=\"2026-03-18T09:40:32+01:00\">18 mars 2026<\/time><\/div>\n<\/div><\/div><\/div><\/div><\/div><div class=\"col-md-12 inhype-block-button\" data-aos=\"fade-up\"><a href=\"#\" class=\"btn btn-load-more\">Load more<\/a><\/div><\/div><\/div><\/div><\/div>\n","protected":false},"excerpt":{"rendered":"","protected":false},"author":3,"featured_media":0,"parent":0,"menu_order":0,"comment_status":"closed","ping_status":"closed","template":"","meta":{"content-type":"","footnotes":""},"class_list":["post-1226","page","type-page","status-publish"],"yoast_head":"<!-- This site is optimized with the Yoast SEO plugin v27.3 - https:\/\/yoast.com\/product\/yoast-seo-wordpress\/ -->\n<title>Nos Articles - aivancity blog<\/title>\n<meta name=\"robots\" content=\"index, follow, max-snippet:-1, max-image-preview:large, max-video-preview:-1\" \/>\n<link rel=\"canonical\" href=\"https:\/\/www.aivancity.ai\/blog\/nos-articles\/\" \/>\n<meta property=\"og:locale\" content=\"fr_FR\" \/>\n<meta property=\"og:type\" content=\"article\" \/>\n<meta property=\"og:title\" content=\"Nos Articles - aivancity blog\" \/>\n<meta property=\"og:url\" content=\"https:\/\/www.aivancity.ai\/blog\/nos-articles\/\" \/>\n<meta property=\"og:site_name\" content=\"aivancity blog\" \/>\n<meta property=\"article:modified_time\" content=\"2023-09-15T14:55:21+00:00\" \/>\n<meta name=\"twitter:card\" content=\"summary_large_image\" \/>\n<script type=\"application\/ld+json\" class=\"yoast-schema-graph\">{\"@context\":\"https:\\\/\\\/schema.org\",\"@graph\":[{\"@type\":\"WebPage\",\"@id\":\"https:\\\/\\\/www.aivancity.ai\\\/blog\\\/nos-articles\\\/\",\"url\":\"https:\\\/\\\/www.aivancity.ai\\\/blog\\\/nos-articles\\\/\",\"name\":\"Nos Articles - aivancity blog\",\"isPartOf\":{\"@id\":\"https:\\\/\\\/www.aivancity.ai\\\/blog\\\/#website\"},\"datePublished\":\"2023-09-14T15:02:09+00:00\",\"dateModified\":\"2023-09-15T14:55:21+00:00\",\"breadcrumb\":{\"@id\":\"https:\\\/\\\/www.aivancity.ai\\\/blog\\\/nos-articles\\\/#breadcrumb\"},\"inLanguage\":\"fr-FR\",\"potentialAction\":[{\"@type\":\"ReadAction\",\"target\":[\"https:\\\/\\\/www.aivancity.ai\\\/blog\\\/nos-articles\\\/\"]}]},{\"@type\":\"BreadcrumbList\",\"@id\":\"https:\\\/\\\/www.aivancity.ai\\\/blog\\\/nos-articles\\\/#breadcrumb\",\"itemListElement\":[{\"@type\":\"ListItem\",\"position\":1,\"name\":\"Accueil\",\"item\":\"https:\\\/\\\/www.aivancity.ai\\\/blog\\\/\"},{\"@type\":\"ListItem\",\"position\":2,\"name\":\"Nos Articles\"}]},{\"@type\":\"WebSite\",\"@id\":\"https:\\\/\\\/www.aivancity.ai\\\/blog\\\/#website\",\"url\":\"https:\\\/\\\/www.aivancity.ai\\\/blog\\\/\",\"name\":\"aivancity blog\",\"description\":\"Advancing education in Artificial Intelligence\",\"potentialAction\":[{\"@type\":\"SearchAction\",\"target\":{\"@type\":\"EntryPoint\",\"urlTemplate\":\"https:\\\/\\\/www.aivancity.ai\\\/blog\\\/?s={search_term_string}\"},\"query-input\":{\"@type\":\"PropertyValueSpecification\",\"valueRequired\":true,\"valueName\":\"search_term_string\"}}],\"inLanguage\":\"fr-FR\"}]}<\/script>\n<!-- \/ Yoast SEO plugin. -->","yoast_head_json":{"title":"Nos Articles - aivancity blog","robots":{"index":"index","follow":"follow","max-snippet":"max-snippet:-1","max-image-preview":"max-image-preview:large","max-video-preview":"max-video-preview:-1"},"canonical":"https:\/\/www.aivancity.ai\/blog\/nos-articles\/","og_locale":"fr_FR","og_type":"article","og_title":"Nos Articles - aivancity blog","og_url":"https:\/\/www.aivancity.ai\/blog\/nos-articles\/","og_site_name":"aivancity blog","article_modified_time":"2023-09-15T14:55:21+00:00","twitter_card":"summary_large_image","schema":{"@context":"https:\/\/schema.org","@graph":[{"@type":"WebPage","@id":"https:\/\/www.aivancity.ai\/blog\/nos-articles\/","url":"https:\/\/www.aivancity.ai\/blog\/nos-articles\/","name":"Nos Articles - aivancity blog","isPartOf":{"@id":"https:\/\/www.aivancity.ai\/blog\/#website"},"datePublished":"2023-09-14T15:02:09+00:00","dateModified":"2023-09-15T14:55:21+00:00","breadcrumb":{"@id":"https:\/\/www.aivancity.ai\/blog\/nos-articles\/#breadcrumb"},"inLanguage":"fr-FR","potentialAction":[{"@type":"ReadAction","target":["https:\/\/www.aivancity.ai\/blog\/nos-articles\/"]}]},{"@type":"BreadcrumbList","@id":"https:\/\/www.aivancity.ai\/blog\/nos-articles\/#breadcrumb","itemListElement":[{"@type":"ListItem","position":1,"name":"Accueil","item":"https:\/\/www.aivancity.ai\/blog\/"},{"@type":"ListItem","position":2,"name":"Nos Articles"}]},{"@type":"WebSite","@id":"https:\/\/www.aivancity.ai\/blog\/#website","url":"https:\/\/www.aivancity.ai\/blog\/","name":"aivancity blog","description":"Advancing education in Artificial Intelligence","potentialAction":[{"@type":"SearchAction","target":{"@type":"EntryPoint","urlTemplate":"https:\/\/www.aivancity.ai\/blog\/?s={search_term_string}"},"query-input":{"@type":"PropertyValueSpecification","valueRequired":true,"valueName":"search_term_string"}}],"inLanguage":"fr-FR"}]}},"amp_enabled":true,"_links":{"self":[{"href":"https:\/\/aivancity.ai\/blog\/wp-json\/wp\/v2\/pages\/1226","targetHints":{"allow":["GET"]}}],"collection":[{"href":"https:\/\/aivancity.ai\/blog\/wp-json\/wp\/v2\/pages"}],"about":[{"href":"https:\/\/aivancity.ai\/blog\/wp-json\/wp\/v2\/types\/page"}],"author":[{"embeddable":true,"href":"https:\/\/aivancity.ai\/blog\/wp-json\/wp\/v2\/users\/3"}],"replies":[{"embeddable":true,"href":"https:\/\/aivancity.ai\/blog\/wp-json\/wp\/v2\/comments?post=1226"}],"version-history":[{"count":11,"href":"https:\/\/aivancity.ai\/blog\/wp-json\/wp\/v2\/pages\/1226\/revisions"}],"predecessor-version":[{"id":1278,"href":"https:\/\/aivancity.ai\/blog\/wp-json\/wp\/v2\/pages\/1226\/revisions\/1278"}],"wp:attachment":[{"href":"https:\/\/aivancity.ai\/blog\/wp-json\/wp\/v2\/media?parent=1226"}],"curies":[{"name":"wp","href":"https:\/\/api.w.org\/{rel}","templated":true}]}}